{"id":15413,"date":"2021-03-24T14:30:14","date_gmt":"2021-03-24T12:30:14","guid":{"rendered":"https:\/\/gradinabotanica.umfst.ro\/about-us\/misiune-si-obiective\/"},"modified":"2021-03-24T14:38:21","modified_gmt":"2021-03-24T12:38:21","slug":"misiune-si-obiective","status":"publish","type":"page","link":"https:\/\/gradinabotanica.umfst.ro\/en\/about-us\/misiune-si-obiective\/","title":{"rendered":"Mission and objectives"},"content":{"rendered":"<p>Misiunea Gr\u0103dinii Botanice Universitare din T\u00e2rgu Mure\u0219 este aceea de a de\u021bine colec\u021bii de plante identificate (vii sau conservate) \u0219i de a le folosi \u00een scopuri \u0219tiin\u021bifice, de conservare a fitodiversit\u0103\u021bii \u0219i de educa\u021bie.<\/p>\n<p>Astfel, obiectivele urm\u0103rite pentru atingerea misiunii se refer\u0103 la:<\/p>\n<ul>\n<li>oferirea de resurse pentru educa\u021bia elevilor, profesorilor, studen\u021bilor, dar \u0219i a publicului larg.<\/li>\n<li>conservarea diversit\u0103\u021bii plantelor \u201eex situ\u201d prin organizarea b\u0103ncii de semin\u021be \u0219i prin dezvoltarea colec\u021biilor vii.<\/li>\n<\/ul>\n<p>Mai concret, perspectivele de viitor se refer\u0103 la:<\/p>\n<ul>\n<li>\u00cembun\u0103t\u0103\u021birea aspectului peisagistic al Gr\u0103dinii Botanice, prin lucr\u0103ri de reabilitare a mobilierului de gr\u0103din\u0103, a c\u0103ilor de acces, sere, cl\u0103dirile aferente.<\/li>\n<li>Dezvoltarea unei platforme electronice de eviden\u021b\u0103 a informa\u021biilor specifice Gr\u0103dinii Botanice.<\/li>\n<li>Accesarea unor proiecte orientate c\u0103tre protec\u021bia \u0219i conservarea diversit\u0103\u021bii plantelor.<\/li>\n<\/ul>\n","protected":false},"excerpt":{"rendered":"<p>Misiunea Gr\u0103dinii Botanice Universitare din T\u00e2rgu Mure\u0219 este aceea de a de\u021bine colec\u021bii de plante identificate (vii sau conservate) \u0219i de a le folosi \u00een scopuri \u0219tiin\u021bifice, de conservare a fitodiversit\u0103\u021bii \u0219i de educa\u021bie. Astfel, obiectivele urm\u0103rite pentru atingerea misiunii se refer\u0103 la: oferirea de resurse pentru educa\u021bia elevilor, profesorilor,<\/p>\n","protected":false},"author":1,"featured_media":0,"parent":14795,"menu_order":0,"comment_status":"closed","ping_status":"closed","template":"","meta":[],"_links":{"self":[{"href":"https:\/\/gradinabotanica.umfst.ro\/en\/wp-json\/wp\/v2\/pages\/15413"}],"collection":[{"href":"https:\/\/gradinabotanica.umfst.ro\/en\/wp-json\/wp\/v2\/pages"}],"about":[{"href":"https:\/\/gradinabotanica.umfst.ro\/en\/wp-json\/wp\/v2\/types\/page"}],"author":[{"embeddable":true,"href":"https:\/\/gradinabotanica.umfst.ro\/en\/wp-json\/wp\/v2\/users\/1"}],"replies":[{"embeddable":true,"href":"https:\/\/gradinabotanica.umfst.ro\/en\/wp-json\/wp\/v2\/comments?post=15413"}],"version-history":[{"count":2,"href":"https:\/\/gradinabotanica.umfst.ro\/en\/wp-json\/wp\/v2\/pages\/15413\/revisions"}],"predecessor-version":[{"id":15419,"href":"https:\/\/gradinabotanica.umfst.ro\/en\/wp-json\/wp\/v2\/pages\/15413\/revisions\/15419"}],"up":[{"embeddable":true,"href":"https:\/\/gradinabotanica.umfst.ro\/en\/wp-json\/wp\/v2\/pages\/14795"}],"wp:attachment":[{"href":"https:\/\/gradinabotanica.umfst.ro\/en\/wp-json\/wp\/v2\/media?parent=15413"}],"curies":[{"name":"wp","href":"https:\/\/api.w.org\/{rel}","templated":true}]}}