{"id":14797,"date":"2020-11-17T11:09:30","date_gmt":"2020-11-17T09:09:30","guid":{"rendered":"https:\/\/gradinabotanica.umfst.ro\/about-us\/administratie-si-parteneri\/"},"modified":"2024-04-19T10:59:34","modified_gmt":"2024-04-19T07:59:34","slug":"administration-and-partners","status":"publish","type":"page","link":"https:\/\/gradinabotanica.umfst.ro\/en\/about-us\/administration-and-partners\/","title":{"rendered":"Administration and partners"},"content":{"rendered":"<p><strong>Administrare:<\/strong><br \/>\nProf. dr. Corneliu TANASE \u2013 Director \u0219tiin\u021bific<br \/>\nIng. Mihai LUP \u2013 \u0219ef serviciu<\/p>\n<p><strong>Colaboratori:<\/strong><br \/>\nProf. dr. Silvia Oroian<br \/>\nConf. dr. Sigrid E\u0219ianu<br \/>\nConf. dr. Varga Erzs\u00e9bet<br \/>\nConf. dr. Ruxandra \u0218tef\u0103nescu<br \/>\nConf. dr. Domokos Erzs\u00e9bet<br \/>\n\u0218ef de lucr\u0103ri dr. Laczk\u00f3-Z\u00f6ld Eszter<br \/>\nTehnician Dark\u00f3 B\u00e9la<br \/>\nLaborant Balizs Attila<\/p>\n<p><strong>Parteneri:<\/strong><br \/>\nAsocia\u021bia Gr\u0103dinilor Botanice din Rom\u00e2nia (AGBR)<\/p>\n<p><a href=\"https:\/\/gradinabotanica.umfst.ro\/wp-content\/uploads\/2021\/03\/Schimb-International-de-Seminte-2021-.pdf\" target=\"_blank\" rel=\"noopener noreferrer\">Colabor\u0103ri cu Gr\u0103dini Botanice din \u021bar\u0103 \u0219i str\u0103in\u0103tate<\/a><\/p>\n","protected":false},"excerpt":{"rendered":"<p>Administrare: Prof. dr. Corneliu TANASE \u2013 Director \u0219tiin\u021bific Ing. Mihai LUP \u2013 \u0219ef serviciu Colaboratori: Prof. dr. Silvia Oroian Conf. dr. Sigrid E\u0219ianu Conf. dr. Varga Erzs\u00e9bet Conf. dr. Ruxandra \u0218tef\u0103nescu Conf. dr. Domokos Erzs\u00e9bet \u0218ef de lucr\u0103ri dr. Laczk\u00f3-Z\u00f6ld Eszter Tehnician Dark\u00f3 B\u00e9la Laborant Balizs Attila Parteneri: Asocia\u021bia Gr\u0103dinilor<\/p>\n","protected":false},"author":1,"featured_media":0,"parent":14795,"menu_order":0,"comment_status":"closed","ping_status":"closed","template":"","meta":[],"_links":{"self":[{"href":"https:\/\/gradinabotanica.umfst.ro\/en\/wp-json\/wp\/v2\/pages\/14797"}],"collection":[{"href":"https:\/\/gradinabotanica.umfst.ro\/en\/wp-json\/wp\/v2\/pages"}],"about":[{"href":"https:\/\/gradinabotanica.umfst.ro\/en\/wp-json\/wp\/v2\/types\/page"}],"author":[{"embeddable":true,"href":"https:\/\/gradinabotanica.umfst.ro\/en\/wp-json\/wp\/v2\/users\/1"}],"replies":[{"embeddable":true,"href":"https:\/\/gradinabotanica.umfst.ro\/en\/wp-json\/wp\/v2\/comments?post=14797"}],"version-history":[{"count":3,"href":"https:\/\/gradinabotanica.umfst.ro\/en\/wp-json\/wp\/v2\/pages\/14797\/revisions"}],"predecessor-version":[{"id":15474,"href":"https:\/\/gradinabotanica.umfst.ro\/en\/wp-json\/wp\/v2\/pages\/14797\/revisions\/15474"}],"up":[{"embeddable":true,"href":"https:\/\/gradinabotanica.umfst.ro\/en\/wp-json\/wp\/v2\/pages\/14795"}],"wp:attachment":[{"href":"https:\/\/gradinabotanica.umfst.ro\/en\/wp-json\/wp\/v2\/media?parent=14797"}],"curies":[{"name":"wp","href":"https:\/\/api.w.org\/{rel}","templated":true}]}}